{"id":3087,"date":"2022-01-30T13:25:37","date_gmt":"2022-01-30T18:25:37","guid":{"rendered":"https:\/\/illuxi.wpengine.com\/privacy-policy\/"},"modified":"2022-09-09T10:49:00","modified_gmt":"2022-09-09T14:49:00","slug":"privacy-policy","status":"publish","type":"page","link":"https:\/\/illuxi.com\/en\/privacy-policy\/","title":{"rendered":"Privacy Policy"},"content":{"rendered":"\t\t<div data-elementor-type=\"wp-post\" data-elementor-id=\"3087\" class=\"elementor elementor-3087 elementor-714\" data-elementor-post-type=\"page\">\n\t\t\t\t\t\t<section data-particle_enable=\"false\" data-particle-mobile-disabled=\"false\" class=\"elementor-section elementor-top-section elementor-element elementor-element-dd9f7aa elementor-section-content-middle elementor-section-boxed elementor-section-height-default elementor-section-height-default\" data-id=\"dd9f7aa\" data-element_type=\"section\" data-settings=\"{&quot;jet_parallax_layout_list&quot;:[{&quot;jet_parallax_layout_image&quot;:{&quot;url&quot;:&quot;&quot;,&quot;id&quot;:&quot;&quot;,&quot;size&quot;:&quot;&quot;},&quot;_id&quot;:&quot;2fc30bb&quot;,&quot;jet_parallax_layout_image_tablet&quot;:{&quot;url&quot;:&quot;&quot;,&quot;id&quot;:&quot;&quot;,&quot;size&quot;:&quot;&quot;},&quot;jet_parallax_layout_image_mobile&quot;:{&quot;url&quot;:&quot;&quot;,&quot;id&quot;:&quot;&quot;,&quot;size&quot;:&quot;&quot;},&quot;jet_parallax_layout_speed&quot;:{&quot;unit&quot;:&quot;%&quot;,&quot;size&quot;:50,&quot;sizes&quot;:[]},&quot;jet_parallax_layout_type&quot;:&quot;scroll&quot;,&quot;jet_parallax_layout_direction&quot;:null,&quot;jet_parallax_layout_fx_direction&quot;:null,&quot;jet_parallax_layout_z_index&quot;:&quot;&quot;,&quot;jet_parallax_layout_bg_x&quot;:50,&quot;jet_parallax_layout_bg_x_tablet&quot;:&quot;&quot;,&quot;jet_parallax_layout_bg_x_mobile&quot;:&quot;&quot;,&quot;jet_parallax_layout_bg_y&quot;:50,&quot;jet_parallax_layout_bg_y_tablet&quot;:&quot;&quot;,&quot;jet_parallax_layout_bg_y_mobile&quot;:&quot;&quot;,&quot;jet_parallax_layout_bg_size&quot;:&quot;auto&quot;,&quot;jet_parallax_layout_bg_size_tablet&quot;:&quot;&quot;,&quot;jet_parallax_layout_bg_size_mobile&quot;:&quot;&quot;,&quot;jet_parallax_layout_animation_prop&quot;:&quot;transform&quot;,&quot;jet_parallax_layout_on&quot;:[&quot;desktop&quot;,&quot;tablet&quot;]}],&quot;background_background&quot;:&quot;classic&quot;}\">\n\t\t\t\t\t\t<div class=\"elementor-container elementor-column-gap-default\">\n\t\t\t\t\t<div class=\"elementor-column elementor-col-33 elementor-top-column elementor-element elementor-element-2e8c27f\" data-id=\"2e8c27f\" data-element_type=\"column\">\n\t\t\t<div class=\"elementor-widget-wrap\">\n\t\t\t\t\t\t\t<\/div>\n\t\t<\/div>\n\t\t\t\t<div class=\"elementor-column elementor-col-33 elementor-top-column elementor-element elementor-element-a661329\" data-id=\"a661329\" data-element_type=\"column\">\n\t\t\t<div class=\"elementor-widget-wrap elementor-element-populated\">\n\t\t\t\t\t\t<div class=\"elementor-element elementor-element-f1cae00 elementor-align-center elementor-widget elementor-widget-raven-heading\" data-id=\"f1cae00\" data-element_type=\"widget\" data-widget_type=\"raven-heading.default\">\n\t\t\t\t<div class=\"elementor-widget-container\">\n\t\t\t\t\t<div class=\"raven-widget-wrapper\"><h1 class=\"raven-heading raven-heading-h1\"><span class=\"raven-heading-title \">Privacy Policy<\/span><\/h1><\/div>\n\t\t\t\t<\/div>\n\t\t\t\t<\/div>\n\t\t\t\t<div class=\"elementor-element elementor-element-ed5abe6 elementor-widget elementor-widget-text-editor\" data-id=\"ed5abe6\" data-element_type=\"widget\" data-widget_type=\"text-editor.default\">\n\t\t\t\t<div class=\"elementor-widget-container\">\n\t\t\t\t\t\t\t<h2>Introduction<\/h2>\n<p>With the development of new communication tools, it is necessary to pay particular attention to the protection of privacy. That is why we are committed to respecting the confidentiality of the personal information we collect.<\/p>\n<h2>Collection of personal information<\/h2>\n<p>We collect the following information:<\/p>\n<ul>\n<li>Name<\/li>\n<li>First name<\/li>\n<li>E-mail address<\/li>\n<li>Employer&#8217;s name<\/li>\n<li>User actions on illuxi products<\/li>\n<\/ul>\n<p>The personal information we collect is gathered through forms and through the interactivity established between you and our website. We also use, as described in the next section, cookies and\/or logs to collect information about you.<\/p>\n<h2>Forms and interactivity:<\/h2>\n<p>Your personal information is collected through forms, namely<\/p>\n<ul>\n<li>Website registration form<\/li>\n<li>Interactivity of illuxi products with the user<\/li>\n<\/ul>\n<p>The information collected may be shared with the organization that purchased the training for you.<\/p>\n<p>We use the information collected for the following purposes:<\/p>\n<ul>\n<li>Information \/ Promotional offers<\/li>\n<li>Contact<\/li>\n<li>Statistics<\/li>\n<li>Predictive data analysis  <\/li>\n<\/ul>\n<h2>Log files and cookies<\/h2>\n<p>We collect certain information through log files and cookies. This is mainly the following information:<\/p>\n<ul>\n<li>IP address<\/li>\n<li>Operating system<\/li>\n<li>Visited pages and queries<\/li>\n<li>Time and day of connection<\/li>\n<\/ul>\n<p>The use of such files allows us to:<\/p>\n<ul>\n<li>Service improvement and personalized experience<\/li>\n<li>Statistics<\/li>\n<li>\n<p>Predictive data analysis<\/p>\n<\/li>\n<\/ul>\n<h2>Right of objection and withdrawal<\/h2>\n<p>We are committed to providing you with the right to object and withdraw your personal information.<\/p>\n<p>The right to object is understood to be the possibility offered to Internet users to refuse that their personal information be used for certain purposes mentioned at the time of collection.<\/p>\n<p>The right to opt-out is understood to be the possibility offered to Internet users to request that their personal information no longer appears, for example, in a mailing list.<\/p>\n<p>To exercise these rights, you may contact us by any of the following methods:<\/p>\n<ol>\n<li>Mailing address: 9880 Clark, Suite 215, Montreal, QC, H3L 2R3<\/li>\n<li>Email: info@illuxi.com<\/li>\n<li>Telephone: 1 855 545-5894<\/li>\n<li>Section of the website: https: <a href=\"https:\/\/illuxi.com\/en\/contact-us\/\">\/\/illuxi.com\/contact<\/a><\/li>\n<\/ol>\n<h2>Right of access<\/h2>\n<p>We commit ourselves to recognizing a right of access and rectification to the persons concerned wishing to consult, modify or even cancel the information concerning them.<\/p>\n<p>To exercise these rights, you may contact us by any of the following methods:  <\/p>\n<ol>\n<li>Mailing address: 9880 Clark, Suite 215, Montreal, QC, H3L 2R3<\/li>\n<li>Email: info@illuxi.com<\/li>\n<li>Telephone: 1 855 545-5894<\/li>\n<li>Section of the website: https: <a href=\"https:\/\/illuxi.com\/en\/contact-us\/\">\/\/illuxi.com\/contact<\/a><\/li>\n<\/ol>\n<h2>Security<\/h2>\n<p>The personal information we collect is kept in a secure environment. The people who work for us are required to keep your information confidential.<\/p>\n<p>To ensure the security of your personal information, we use the following measures:<\/p>\n<ul>\n<li>Access management &#8211; authorized person&lt;<\/li>\n<li>Access management &#8211; person concerned<\/li>\n<li>Network monitoring software<\/li>\n<li>Computer backup<\/li>\n<li>Login \/ password<\/li>\n<li>Firewalls<\/li>\n<\/ul>\n<p>We are committed to maintaining a high level of confidentiality by incorporating the latest technological innovations to ensure the privacy of your transactions. However, since no mechanism offers maximum security, there is always a degree of risk involved in using the Internet to transmit personal information.<\/p>\n\t\t\t\t\t\t<\/div>\n\t\t\t\t<\/div>\n\t\t\t\t\t<\/div>\n\t\t<\/div>\n\t\t\t\t<div class=\"elementor-column elementor-col-33 elementor-top-column elementor-element elementor-element-22a9b5f\" data-id=\"22a9b5f\" data-element_type=\"column\">\n\t\t\t<div class=\"elementor-widget-wrap\">\n\t\t\t\t\t\t\t<\/div>\n\t\t<\/div>\n\t\t\t\t\t<\/div>\n\t\t<\/section>\n\t\t\t\t<\/div>\n\t\t","protected":false},"excerpt":{"rendered":"<p>Privacy Policy Introduction With the development of new communication tools, it is necessary to pay particular attention to the protection of privacy. That is why we are committed to respecting the confidentiality of the personal information we collect. Collection of personal information We collect the following information: Name First name E-mail address Employer&#8217;s name User [&hellip;]<\/p>\n","protected":false},"author":12,"featured_media":0,"parent":0,"menu_order":0,"comment_status":"closed","ping_status":"closed","template":"elementor_header_footer","meta":{"_acf_changed":false,"content-type":"","footnotes":""},"class_list":["post-3087","page","type-page","status-publish","hentry"],"acf":[],"yoast_head":"<!-- This site is optimized with the Yoast SEO plugin v23.6 - https:\/\/yoast.com\/wordpress\/plugins\/seo\/ -->\n<title>Online training and virtual events platform - illuxi<\/title>\n<meta name=\"description\" content=\"illuxi&#039;s all-in-one solution: a secure, easy-to-use SaaS platform from Quebec and unparalleled support services\" \/>\n<meta name=\"robots\" content=\"index, follow, max-snippet:-1, max-image-preview:large, max-video-preview:-1\" \/>\n<link rel=\"canonical\" href=\"https:\/\/illuxi.com\/en\/privacy-policy\/\" \/>\n<meta property=\"og:locale\" content=\"en_US\" \/>\n<meta property=\"og:type\" content=\"article\" \/>\n<meta property=\"og:title\" content=\"Online training and virtual events platform - illuxi\" \/>\n<meta property=\"og:description\" content=\"illuxi&#039;s all-in-one solution: a secure, easy-to-use SaaS platform from Quebec and unparalleled support services\" \/>\n<meta property=\"og:url\" content=\"https:\/\/illuxi.com\/en\/privacy-policy\/\" \/>\n<meta property=\"og:site_name\" content=\"illuxi\" \/>\n<meta property=\"article:publisher\" content=\"https:\/\/www.facebook.com\/intelligenceilluxi\/\" \/>\n<meta property=\"article:modified_time\" content=\"2022-09-09T14:49:00+00:00\" \/>\n<meta property=\"og:image\" content=\"https:\/\/illuxi.com\/wp-content\/uploads\/2022\/02\/illuxi-facebook-2022-1.png\" \/>\n\t<meta property=\"og:image:width\" content=\"940\" \/>\n\t<meta property=\"og:image:height\" content=\"788\" \/>\n\t<meta property=\"og:image:type\" content=\"image\/png\" \/>\n<meta name=\"twitter:card\" content=\"summary_large_image\" \/>\n<meta name=\"twitter:label1\" content=\"Est. reading time\" \/>\n\t<meta name=\"twitter:data1\" content=\"2 minutes\" \/>\n<script type=\"application\/ld+json\" class=\"yoast-schema-graph\">{\"@context\":\"https:\/\/schema.org\",\"@graph\":[{\"@type\":\"WebPage\",\"@id\":\"https:\/\/illuxi.com\/en\/privacy-policy\/\",\"url\":\"https:\/\/illuxi.com\/en\/privacy-policy\/\",\"name\":\"Online training and virtual events platform - illuxi\",\"isPartOf\":{\"@id\":\"https:\/\/illuxi.com\/en\/#website\"},\"datePublished\":\"2022-01-30T18:25:37+00:00\",\"dateModified\":\"2022-09-09T14:49:00+00:00\",\"description\":\"illuxi's all-in-one solution: a secure, easy-to-use SaaS platform from Quebec and unparalleled support services\",\"breadcrumb\":{\"@id\":\"https:\/\/illuxi.com\/en\/privacy-policy\/#breadcrumb\"},\"inLanguage\":\"en-US\",\"potentialAction\":[{\"@type\":\"ReadAction\",\"target\":[\"https:\/\/illuxi.com\/en\/privacy-policy\/\"]}]},{\"@type\":\"BreadcrumbList\",\"@id\":\"https:\/\/illuxi.com\/en\/privacy-policy\/#breadcrumb\",\"itemListElement\":[{\"@type\":\"ListItem\",\"position\":1,\"name\":\"Accueil\",\"item\":\"https:\/\/illuxi.com\/en\/\"},{\"@type\":\"ListItem\",\"position\":2,\"name\":\"Privacy Policy\"}]},{\"@type\":\"WebSite\",\"@id\":\"https:\/\/illuxi.com\/en\/#website\",\"url\":\"https:\/\/illuxi.com\/en\/\",\"name\":\"illuxi\",\"description\":\"Plateforme personnalis\u00e9e pour \u00e9v\u00e9nements et formations\",\"publisher\":{\"@id\":\"https:\/\/illuxi.com\/en\/#organization\"},\"potentialAction\":[{\"@type\":\"SearchAction\",\"target\":{\"@type\":\"EntryPoint\",\"urlTemplate\":\"https:\/\/illuxi.com\/en\/?s={search_term_string}\"},\"query-input\":{\"@type\":\"PropertyValueSpecification\",\"valueRequired\":true,\"valueName\":\"search_term_string\"}}],\"inLanguage\":\"en-US\"},{\"@type\":\"Organization\",\"@id\":\"https:\/\/illuxi.com\/en\/#organization\",\"name\":\"illuxi\",\"url\":\"https:\/\/illuxi.com\/en\/\",\"logo\":{\"@type\":\"ImageObject\",\"inLanguage\":\"en-US\",\"@id\":\"https:\/\/illuxi.com\/en\/#\/schema\/logo\/image\/\",\"url\":\"https:\/\/illuxi.com\/wp-content\/uploads\/2022\/01\/illuxi_logo_couleurs-224.png\",\"contentUrl\":\"https:\/\/illuxi.com\/wp-content\/uploads\/2022\/01\/illuxi_logo_couleurs-224.png\",\"width\":224,\"height\":70,\"caption\":\"illuxi\"},\"image\":{\"@id\":\"https:\/\/illuxi.com\/en\/#\/schema\/logo\/image\/\"},\"sameAs\":[\"https:\/\/www.facebook.com\/intelligenceilluxi\/\",\"https:\/\/www.instagram.com\/intelligenceilluxi\/\",\"https:\/\/www.linkedin.com\/company\/illuxi\/\"]}]}<\/script>\n<!-- \/ Yoast SEO plugin. -->","yoast_head_json":{"title":"Online training and virtual events platform - illuxi","description":"illuxi's all-in-one solution: a secure, easy-to-use SaaS platform from Quebec and unparalleled support services","robots":{"index":"index","follow":"follow","max-snippet":"max-snippet:-1","max-image-preview":"max-image-preview:large","max-video-preview":"max-video-preview:-1"},"canonical":"https:\/\/illuxi.com\/en\/privacy-policy\/","og_locale":"en_US","og_type":"article","og_title":"Online training and virtual events platform - illuxi","og_description":"illuxi's all-in-one solution: a secure, easy-to-use SaaS platform from Quebec and unparalleled support services","og_url":"https:\/\/illuxi.com\/en\/privacy-policy\/","og_site_name":"illuxi","article_publisher":"https:\/\/www.facebook.com\/intelligenceilluxi\/","article_modified_time":"2022-09-09T14:49:00+00:00","og_image":[{"width":940,"height":788,"url":"https:\/\/illuxi.com\/wp-content\/uploads\/2022\/02\/illuxi-facebook-2022-1.png","type":"image\/png"}],"twitter_card":"summary_large_image","twitter_misc":{"Est. reading time":"2 minutes"},"schema":{"@context":"https:\/\/schema.org","@graph":[{"@type":"WebPage","@id":"https:\/\/illuxi.com\/en\/privacy-policy\/","url":"https:\/\/illuxi.com\/en\/privacy-policy\/","name":"Online training and virtual events platform - illuxi","isPartOf":{"@id":"https:\/\/illuxi.com\/en\/#website"},"datePublished":"2022-01-30T18:25:37+00:00","dateModified":"2022-09-09T14:49:00+00:00","description":"illuxi's all-in-one solution: a secure, easy-to-use SaaS platform from Quebec and unparalleled support services","breadcrumb":{"@id":"https:\/\/illuxi.com\/en\/privacy-policy\/#breadcrumb"},"inLanguage":"en-US","potentialAction":[{"@type":"ReadAction","target":["https:\/\/illuxi.com\/en\/privacy-policy\/"]}]},{"@type":"BreadcrumbList","@id":"https:\/\/illuxi.com\/en\/privacy-policy\/#breadcrumb","itemListElement":[{"@type":"ListItem","position":1,"name":"Accueil","item":"https:\/\/illuxi.com\/en\/"},{"@type":"ListItem","position":2,"name":"Privacy Policy"}]},{"@type":"WebSite","@id":"https:\/\/illuxi.com\/en\/#website","url":"https:\/\/illuxi.com\/en\/","name":"illuxi","description":"Plateforme personnalis\u00e9e pour \u00e9v\u00e9nements et formations","publisher":{"@id":"https:\/\/illuxi.com\/en\/#organization"},"potentialAction":[{"@type":"SearchAction","target":{"@type":"EntryPoint","urlTemplate":"https:\/\/illuxi.com\/en\/?s={search_term_string}"},"query-input":{"@type":"PropertyValueSpecification","valueRequired":true,"valueName":"search_term_string"}}],"inLanguage":"en-US"},{"@type":"Organization","@id":"https:\/\/illuxi.com\/en\/#organization","name":"illuxi","url":"https:\/\/illuxi.com\/en\/","logo":{"@type":"ImageObject","inLanguage":"en-US","@id":"https:\/\/illuxi.com\/en\/#\/schema\/logo\/image\/","url":"https:\/\/illuxi.com\/wp-content\/uploads\/2022\/01\/illuxi_logo_couleurs-224.png","contentUrl":"https:\/\/illuxi.com\/wp-content\/uploads\/2022\/01\/illuxi_logo_couleurs-224.png","width":224,"height":70,"caption":"illuxi"},"image":{"@id":"https:\/\/illuxi.com\/en\/#\/schema\/logo\/image\/"},"sameAs":["https:\/\/www.facebook.com\/intelligenceilluxi\/","https:\/\/www.instagram.com\/intelligenceilluxi\/","https:\/\/www.linkedin.com\/company\/illuxi\/"]}]}},"_links":{"self":[{"href":"https:\/\/illuxi.com\/en\/wp-json\/wp\/v2\/pages\/3087","targetHints":{"allow":["GET"]}}],"collection":[{"href":"https:\/\/illuxi.com\/en\/wp-json\/wp\/v2\/pages"}],"about":[{"href":"https:\/\/illuxi.com\/en\/wp-json\/wp\/v2\/types\/page"}],"author":[{"embeddable":true,"href":"https:\/\/illuxi.com\/en\/wp-json\/wp\/v2\/users\/12"}],"replies":[{"embeddable":true,"href":"https:\/\/illuxi.com\/en\/wp-json\/wp\/v2\/comments?post=3087"}],"version-history":[{"count":0,"href":"https:\/\/illuxi.com\/en\/wp-json\/wp\/v2\/pages\/3087\/revisions"}],"wp:attachment":[{"href":"https:\/\/illuxi.com\/en\/wp-json\/wp\/v2\/media?parent=3087"}],"curies":[{"name":"wp","href":"https:\/\/api.w.org\/{rel}","templated":true}]}}