{"id":3145,"date":"2022-01-30T12:19:23","date_gmt":"2022-01-30T17:19:23","guid":{"rendered":"https:\/\/illuxi.wpengine.com\/security\/"},"modified":"2022-09-12T11:07:49","modified_gmt":"2022-09-12T15:07:49","slug":"security","status":"publish","type":"page","link":"https:\/\/illuxi.com\/en\/security\/","title":{"rendered":"Security"},"content":{"rendered":"\t\t<div data-elementor-type=\"wp-post\" data-elementor-id=\"3145\" class=\"elementor elementor-3145 elementor-626\" data-elementor-post-type=\"page\">\n\t\t\t\t\t\t<section data-particle_enable=\"false\" data-particle-mobile-disabled=\"false\" class=\"elementor-section elementor-top-section elementor-element elementor-element-dd9f7aa elementor-section-content-middle elementor-section-boxed elementor-section-height-default elementor-section-height-default\" data-id=\"dd9f7aa\" data-element_type=\"section\" data-settings=\"{&quot;jet_parallax_layout_list&quot;:[{&quot;jet_parallax_layout_image&quot;:{&quot;url&quot;:&quot;&quot;,&quot;id&quot;:&quot;&quot;,&quot;size&quot;:&quot;&quot;},&quot;_id&quot;:&quot;2fc30bb&quot;,&quot;jet_parallax_layout_image_tablet&quot;:{&quot;url&quot;:&quot;&quot;,&quot;id&quot;:&quot;&quot;,&quot;size&quot;:&quot;&quot;},&quot;jet_parallax_layout_image_mobile&quot;:{&quot;url&quot;:&quot;&quot;,&quot;id&quot;:&quot;&quot;,&quot;size&quot;:&quot;&quot;},&quot;jet_parallax_layout_speed&quot;:{&quot;unit&quot;:&quot;%&quot;,&quot;size&quot;:50,&quot;sizes&quot;:[]},&quot;jet_parallax_layout_type&quot;:&quot;scroll&quot;,&quot;jet_parallax_layout_direction&quot;:null,&quot;jet_parallax_layout_fx_direction&quot;:null,&quot;jet_parallax_layout_z_index&quot;:&quot;&quot;,&quot;jet_parallax_layout_bg_x&quot;:50,&quot;jet_parallax_layout_bg_x_tablet&quot;:&quot;&quot;,&quot;jet_parallax_layout_bg_x_mobile&quot;:&quot;&quot;,&quot;jet_parallax_layout_bg_y&quot;:50,&quot;jet_parallax_layout_bg_y_tablet&quot;:&quot;&quot;,&quot;jet_parallax_layout_bg_y_mobile&quot;:&quot;&quot;,&quot;jet_parallax_layout_bg_size&quot;:&quot;auto&quot;,&quot;jet_parallax_layout_bg_size_tablet&quot;:&quot;&quot;,&quot;jet_parallax_layout_bg_size_mobile&quot;:&quot;&quot;,&quot;jet_parallax_layout_animation_prop&quot;:&quot;transform&quot;,&quot;jet_parallax_layout_on&quot;:[&quot;desktop&quot;,&quot;tablet&quot;]}],&quot;background_background&quot;:&quot;classic&quot;}\">\n\t\t\t\t\t\t<div class=\"elementor-container elementor-column-gap-default\">\n\t\t\t\t\t<div class=\"elementor-column elementor-col-100 elementor-top-column elementor-element elementor-element-a661329\" data-id=\"a661329\" data-element_type=\"column\">\n\t\t\t<div class=\"elementor-widget-wrap elementor-element-populated\">\n\t\t\t\t\t\t<div class=\"elementor-element elementor-element-f1cae00 elementor-align-center elementor-widget elementor-widget-raven-heading\" data-id=\"f1cae00\" data-element_type=\"widget\" data-widget_type=\"raven-heading.default\">\n\t\t\t\t<div class=\"elementor-widget-container\">\n\t\t\t\t\t<div class=\"raven-widget-wrapper\"><h1 class=\"raven-heading raven-heading-h1\"><span class=\"raven-heading-title \">Security<\/span><\/h1><\/div>\n\t\t\t\t<\/div>\n\t\t\t\t<\/div>\n\t\t\t\t<div class=\"elementor-element elementor-element-ed5abe6 elementor-widget elementor-widget-text-editor\" data-id=\"ed5abe6\" data-element_type=\"widget\" data-widget_type=\"text-editor.default\">\n\t\t\t\t<div class=\"elementor-widget-container\">\n\t\t\t\t\t\t\t<p>The security of our customers&#8217; data is our priority. The illuxi Platform uses best practices in security to achieve this:<\/p>\n<ul>\n<li>An end-to-end SSL connection protects users at all times.<\/li>\n<li>All passwords are encrypted and must meet a minimum complexity level of 8 characters, one upper case, one lower case and one special character.<\/li>\n<li>Dual authentication is available for all users.<\/li>\n<li>The illuxi Platform is powered by the AWS service infrastructure.<\/li>\n<li>All data is hosted in the AWS Montreal data center.<\/li>\n<li>Data is backed up and replicated in real time on multiple servers.<\/li>\n<li>Since we use Stripe as our payment processor, no bank data is saved by the illuxi Platform.<\/li>\n<\/ul>\n\t\t\t\t\t\t<\/div>\n\t\t\t\t<\/div>\n\t\t\t\t<div class=\"elementor-element elementor-element-33615c8 elementor-align-center elementor-widget elementor-widget-raven-heading\" data-id=\"33615c8\" data-element_type=\"widget\" data-widget_type=\"raven-heading.default\">\n\t\t\t\t<div class=\"elementor-widget-container\">\n\t\t\t\t\t<div class=\"raven-widget-wrapper\"><h1 class=\"raven-heading raven-heading-h1\"><span class=\"raven-heading-title \">Report a security issue<\/span><\/h1><\/div>\n\t\t\t\t<\/div>\n\t\t\t\t<\/div>\n\t\t\t\t<div class=\"elementor-element elementor-element-3303160 elementor-widget elementor-widget-text-editor\" data-id=\"3303160\" data-element_type=\"widget\" data-widget_type=\"text-editor.default\">\n\t\t\t\t<div class=\"elementor-widget-container\">\n\t\t\t\t\t\t\t<p>Write to us directly at <a href=\"mailto:securite@illuxi.com\">securite@illuxi.com<\/a>.  <\/p>\n<p>Thanks in advance \ud83d\ude09<\/p>\n\t\t\t\t\t\t<\/div>\n\t\t\t\t<\/div>\n\t\t\t\t\t<\/div>\n\t\t<\/div>\n\t\t\t\t\t<\/div>\n\t\t<\/section>\n\t\t\t\t<\/div>\n\t\t","protected":false},"excerpt":{"rendered":"<p>Security The security of our customers&#8217; data is our priority. The illuxi Platform uses best practices in security to achieve this: An end-to-end SSL connection protects users at all times. All passwords are encrypted and must meet a minimum complexity level of 8 characters, one upper case, one lower case and one special character. Dual [&hellip;]<\/p>\n","protected":false},"author":12,"featured_media":0,"parent":0,"menu_order":0,"comment_status":"closed","ping_status":"closed","template":"elementor_header_footer","meta":{"_acf_changed":false,"content-type":"","footnotes":""},"class_list":["post-3145","page","type-page","status-publish","hentry"],"acf":[],"yoast_head":"<!-- This site is optimized with the Yoast SEO plugin v23.6 - https:\/\/yoast.com\/wordpress\/plugins\/seo\/ -->\n<title>Online training and virtual events platform - illuxi<\/title>\n<meta name=\"description\" content=\"illuxi&#039;s all-in-one solution: a secure, easy-to-use SaaS platform from Quebec and unparalleled support services\" \/>\n<meta name=\"robots\" content=\"index, follow, max-snippet:-1, max-image-preview:large, max-video-preview:-1\" \/>\n<link rel=\"canonical\" href=\"https:\/\/illuxi.com\/en\/security\/\" \/>\n<meta property=\"og:locale\" content=\"en_US\" \/>\n<meta property=\"og:type\" content=\"article\" \/>\n<meta property=\"og:title\" content=\"Online training and virtual events platform - illuxi\" \/>\n<meta property=\"og:description\" content=\"illuxi&#039;s all-in-one solution: a secure, easy-to-use SaaS platform from Quebec and unparalleled support services\" \/>\n<meta property=\"og:url\" content=\"https:\/\/illuxi.com\/en\/security\/\" \/>\n<meta property=\"og:site_name\" content=\"illuxi\" \/>\n<meta property=\"article:publisher\" content=\"https:\/\/www.facebook.com\/intelligenceilluxi\/\" \/>\n<meta property=\"article:modified_time\" content=\"2022-09-12T15:07:49+00:00\" \/>\n<meta property=\"og:image\" content=\"https:\/\/illuxi.com\/wp-content\/uploads\/2022\/02\/illuxi-facebook-2022-1.png\" \/>\n\t<meta property=\"og:image:width\" content=\"940\" \/>\n\t<meta property=\"og:image:height\" content=\"788\" \/>\n\t<meta property=\"og:image:type\" content=\"image\/png\" \/>\n<meta name=\"twitter:card\" content=\"summary_large_image\" \/>\n<meta name=\"twitter:label1\" content=\"Est. reading time\" \/>\n\t<meta name=\"twitter:data1\" content=\"1 minute\" \/>\n<script type=\"application\/ld+json\" class=\"yoast-schema-graph\">{\"@context\":\"https:\/\/schema.org\",\"@graph\":[{\"@type\":\"WebPage\",\"@id\":\"https:\/\/illuxi.com\/en\/security\/\",\"url\":\"https:\/\/illuxi.com\/en\/security\/\",\"name\":\"Online training and virtual events platform - illuxi\",\"isPartOf\":{\"@id\":\"https:\/\/illuxi.com\/en\/#website\"},\"datePublished\":\"2022-01-30T17:19:23+00:00\",\"dateModified\":\"2022-09-12T15:07:49+00:00\",\"description\":\"illuxi's all-in-one solution: a secure, easy-to-use SaaS platform from Quebec and unparalleled support services\",\"breadcrumb\":{\"@id\":\"https:\/\/illuxi.com\/en\/security\/#breadcrumb\"},\"inLanguage\":\"en-US\",\"potentialAction\":[{\"@type\":\"ReadAction\",\"target\":[\"https:\/\/illuxi.com\/en\/security\/\"]}]},{\"@type\":\"BreadcrumbList\",\"@id\":\"https:\/\/illuxi.com\/en\/security\/#breadcrumb\",\"itemListElement\":[{\"@type\":\"ListItem\",\"position\":1,\"name\":\"Accueil\",\"item\":\"https:\/\/illuxi.com\/en\/\"},{\"@type\":\"ListItem\",\"position\":2,\"name\":\"Security\"}]},{\"@type\":\"WebSite\",\"@id\":\"https:\/\/illuxi.com\/en\/#website\",\"url\":\"https:\/\/illuxi.com\/en\/\",\"name\":\"illuxi\",\"description\":\"Plateforme personnalis\u00e9e pour \u00e9v\u00e9nements et formations\",\"publisher\":{\"@id\":\"https:\/\/illuxi.com\/en\/#organization\"},\"potentialAction\":[{\"@type\":\"SearchAction\",\"target\":{\"@type\":\"EntryPoint\",\"urlTemplate\":\"https:\/\/illuxi.com\/en\/?s={search_term_string}\"},\"query-input\":{\"@type\":\"PropertyValueSpecification\",\"valueRequired\":true,\"valueName\":\"search_term_string\"}}],\"inLanguage\":\"en-US\"},{\"@type\":\"Organization\",\"@id\":\"https:\/\/illuxi.com\/en\/#organization\",\"name\":\"illuxi\",\"url\":\"https:\/\/illuxi.com\/en\/\",\"logo\":{\"@type\":\"ImageObject\",\"inLanguage\":\"en-US\",\"@id\":\"https:\/\/illuxi.com\/en\/#\/schema\/logo\/image\/\",\"url\":\"https:\/\/illuxi.com\/wp-content\/uploads\/2022\/01\/illuxi_logo_couleurs-224.png\",\"contentUrl\":\"https:\/\/illuxi.com\/wp-content\/uploads\/2022\/01\/illuxi_logo_couleurs-224.png\",\"width\":224,\"height\":70,\"caption\":\"illuxi\"},\"image\":{\"@id\":\"https:\/\/illuxi.com\/en\/#\/schema\/logo\/image\/\"},\"sameAs\":[\"https:\/\/www.facebook.com\/intelligenceilluxi\/\",\"https:\/\/www.instagram.com\/intelligenceilluxi\/\",\"https:\/\/www.linkedin.com\/company\/illuxi\/\"]}]}<\/script>\n<!-- \/ Yoast SEO plugin. -->","yoast_head_json":{"title":"Online training and virtual events platform - illuxi","description":"illuxi's all-in-one solution: a secure, easy-to-use SaaS platform from Quebec and unparalleled support services","robots":{"index":"index","follow":"follow","max-snippet":"max-snippet:-1","max-image-preview":"max-image-preview:large","max-video-preview":"max-video-preview:-1"},"canonical":"https:\/\/illuxi.com\/en\/security\/","og_locale":"en_US","og_type":"article","og_title":"Online training and virtual events platform - illuxi","og_description":"illuxi's all-in-one solution: a secure, easy-to-use SaaS platform from Quebec and unparalleled support services","og_url":"https:\/\/illuxi.com\/en\/security\/","og_site_name":"illuxi","article_publisher":"https:\/\/www.facebook.com\/intelligenceilluxi\/","article_modified_time":"2022-09-12T15:07:49+00:00","og_image":[{"width":940,"height":788,"url":"https:\/\/illuxi.com\/wp-content\/uploads\/2022\/02\/illuxi-facebook-2022-1.png","type":"image\/png"}],"twitter_card":"summary_large_image","twitter_misc":{"Est. reading time":"1 minute"},"schema":{"@context":"https:\/\/schema.org","@graph":[{"@type":"WebPage","@id":"https:\/\/illuxi.com\/en\/security\/","url":"https:\/\/illuxi.com\/en\/security\/","name":"Online training and virtual events platform - illuxi","isPartOf":{"@id":"https:\/\/illuxi.com\/en\/#website"},"datePublished":"2022-01-30T17:19:23+00:00","dateModified":"2022-09-12T15:07:49+00:00","description":"illuxi's all-in-one solution: a secure, easy-to-use SaaS platform from Quebec and unparalleled support services","breadcrumb":{"@id":"https:\/\/illuxi.com\/en\/security\/#breadcrumb"},"inLanguage":"en-US","potentialAction":[{"@type":"ReadAction","target":["https:\/\/illuxi.com\/en\/security\/"]}]},{"@type":"BreadcrumbList","@id":"https:\/\/illuxi.com\/en\/security\/#breadcrumb","itemListElement":[{"@type":"ListItem","position":1,"name":"Accueil","item":"https:\/\/illuxi.com\/en\/"},{"@type":"ListItem","position":2,"name":"Security"}]},{"@type":"WebSite","@id":"https:\/\/illuxi.com\/en\/#website","url":"https:\/\/illuxi.com\/en\/","name":"illuxi","description":"Plateforme personnalis\u00e9e pour \u00e9v\u00e9nements et formations","publisher":{"@id":"https:\/\/illuxi.com\/en\/#organization"},"potentialAction":[{"@type":"SearchAction","target":{"@type":"EntryPoint","urlTemplate":"https:\/\/illuxi.com\/en\/?s={search_term_string}"},"query-input":{"@type":"PropertyValueSpecification","valueRequired":true,"valueName":"search_term_string"}}],"inLanguage":"en-US"},{"@type":"Organization","@id":"https:\/\/illuxi.com\/en\/#organization","name":"illuxi","url":"https:\/\/illuxi.com\/en\/","logo":{"@type":"ImageObject","inLanguage":"en-US","@id":"https:\/\/illuxi.com\/en\/#\/schema\/logo\/image\/","url":"https:\/\/illuxi.com\/wp-content\/uploads\/2022\/01\/illuxi_logo_couleurs-224.png","contentUrl":"https:\/\/illuxi.com\/wp-content\/uploads\/2022\/01\/illuxi_logo_couleurs-224.png","width":224,"height":70,"caption":"illuxi"},"image":{"@id":"https:\/\/illuxi.com\/en\/#\/schema\/logo\/image\/"},"sameAs":["https:\/\/www.facebook.com\/intelligenceilluxi\/","https:\/\/www.instagram.com\/intelligenceilluxi\/","https:\/\/www.linkedin.com\/company\/illuxi\/"]}]}},"_links":{"self":[{"href":"https:\/\/illuxi.com\/en\/wp-json\/wp\/v2\/pages\/3145","targetHints":{"allow":["GET"]}}],"collection":[{"href":"https:\/\/illuxi.com\/en\/wp-json\/wp\/v2\/pages"}],"about":[{"href":"https:\/\/illuxi.com\/en\/wp-json\/wp\/v2\/types\/page"}],"author":[{"embeddable":true,"href":"https:\/\/illuxi.com\/en\/wp-json\/wp\/v2\/users\/12"}],"replies":[{"embeddable":true,"href":"https:\/\/illuxi.com\/en\/wp-json\/wp\/v2\/comments?post=3145"}],"version-history":[{"count":0,"href":"https:\/\/illuxi.com\/en\/wp-json\/wp\/v2\/pages\/3145\/revisions"}],"wp:attachment":[{"href":"https:\/\/illuxi.com\/en\/wp-json\/wp\/v2\/media?parent=3145"}],"curies":[{"name":"wp","href":"https:\/\/api.w.org\/{rel}","templated":true}]}}